{"id":3,"date":"2022-09-02T10:06:55","date_gmt":"2022-09-02T08:06:55","guid":{"rendered":"http:\/\/127.0.0.1\/wordpress\/?page_id=3"},"modified":"2025-07-21T00:08:43","modified_gmt":"2025-07-20T22:08:43","slug":"politique-de-confidentialite","status":"publish","type":"page","link":"https:\/\/m2tinformatique.com\/?page_id=3","title":{"rendered":"Politique de confidentialit\u00e9"},"content":{"rendered":"<section class=\"wpb-content-wrapper\"><p>[vc_row][vc_column][vc_column_text]&nbsp;<\/p>\n<h2>1. QUI SOMMES NOUS<\/h2>\n<p>L\u2019adresse de notre site Web est : https:\/\/m2tinformatique.com<br \/>\nWebmaster : <a href=\"https:\/\/promasterweb.com\/\" target=\"_blank\" rel=\"noopener\">https:\/\/promasterweb.com<\/a><br \/>\nH\u00e9bergement : Promasterweb<\/p>\n<h2>2. UTILISATION DES DONN\u00c9ES PERSONNELLES COLLECT\u00c9ES<\/h2>\n<p style=\"text-align: justify;\">De mani\u00e8re g\u00e9n\u00e9rale, vous n\u2019\u00eates pas tenu de nous communiquer vos donn\u00e9es personnelles lorsque vous visitez Mi28.fr.<\/p>\n<p style=\"text-align: justify;\">Cependant, ce principe comporte certaines exceptions. En effet, pour certains services propos\u00e9s par notre site, vous pouvez \u00eatre amen\u00e9s \u00e0 nous communiquer certaines donn\u00e9es telles que : votre nom, adresse postale, votre adresse \u00e9lectronique, et votre num\u00e9ro de t\u00e9l\u00e9phone (voir la partie \u00ab\u00a03.Statistiques et Mesures d&rsquo;Audiences\u00a0\u00bb pour savoir les informations que nous collectons). Tel est le cas lorsque vous remplissez le formulaire qui vous est propos\u00e9 en ligne pour nous joindre. Vous pouvez refuser de fournir vos donn\u00e9es personnelles; dans ce cas, vous ne pourrez pas utiliser les services du site, notamment notre formulaire de contact.<\/p>\n<p style=\"text-align: justify;\">Enfin, nous pouvons collecter de mani\u00e8re automatique certaines informations vous concernant lors d\u2019une simple navigation sur notre site Internet, notamment : des informations concernant l\u2019utilisation de notre site comme votre adresse IP, le type de votre navigateur, et votre temps d\u2019acc\u00e8s. De telles informations sont utilis\u00e9es exclusivement \u00e0 des fins de statistiques internes, de mani\u00e8re \u00e0 am\u00e9liorer la qualit\u00e9 de nos pages et votre exp\u00e9rience de navigation.<\/p>\n<p>Aucune information vous concernant ne sera transmise \u00e0 des tiers \u00e0 titre commercial.<\/p>\n<p>&nbsp;<\/p>\n<h3>COOKIES<\/h3>\n<p style=\"text-align: justify;\">Un \u00ab\u00a0cookie\u00a0\u00bb est une information d\u00e9pos\u00e9e sur votre disque dur par le serveur du site que vous visitez. Il contient plusieurs donn\u00e9es qui sont stock\u00e9es sur votre ordinateur dans un simple fichier texte auquel un serveur acc\u00e8de pour lire et enregistrer des informations. En poursuivant la navigation sur notre site, vous acceptez l&rsquo;utilisation de ces cookies. Certaines parties de ce site ne pourront pas \u00eatre fonctionnelles sans l\u2019acceptation de ces cookies. (Pour plus d&rsquo;informations sur les cookies: https:\/\/vimeo.com\/82084441).<\/p>\n<p style=\"text-align: justify;\">Si vous avez un compte et que vous vous connectez sur ce site, un cookie temporaire sera cr\u00e9\u00e9 afin de d\u00e9terminer si votre navigateur accepte les cookies. Il ne contient pas de donn\u00e9es personnelles et sera supprim\u00e9 automatiquement \u00e0 la fermeture de votre navigateur.<\/p>\n<p style=\"text-align: justify;\">Lorsque vous vous connecterez, nous mettrons en place un certain nombre de cookies pour enregistrer vos informations de connexion et vos pr\u00e9f\u00e9rences d\u2019\u00e9cran. La dur\u00e9e de vie d\u2019un cookie de connexion est de deux jours, celle d\u2019un cookie d\u2019option d\u2019\u00e9cran est d\u2019un an. Si vous cochez \u00ab Se souvenir de moi \u00bb, votre cookie de connexion sera conserv\u00e9 pendant deux semaines. Si vous vous d\u00e9connectez de votre compte, le cookie de connexion sera effac\u00e9.<\/p>\n<p>&nbsp;<\/p>\n<h2>3. STATISTIQUES ET MESURES D&rsquo;AUDIENCE<\/h2>\n<p style=\"text-align: justify;\">Nous pouvons aussi \u00eatre amen\u00e9 \u00e0 utiliser des cookies \u00e0 des fins de statistiques. Les informations recueillis sont principalement les informations suivantes :<\/p>\n<ul>\n<li>Adresse IP<\/li>\n<li>Syst\u00e8me d\u2019exploitation<\/li>\n<li>Pages visit\u00e9es et requ\u00eates<\/li>\n<li>Heure et jour de connexion<\/li>\n<li>Lieu de connexion<\/li>\n<\/ul>\n<p>Le recours \u00e0 de tels fichiers nous permet :<\/p>\n<ul>\n<li>Am\u00e9lioration du service et accueil personnalis\u00e9<\/li>\n<li>Profil personnalis\u00e9 de consommation<\/li>\n<li>Suivi de commande<\/li>\n<li>Statistique<\/li>\n<\/ul>\n<p style=\"text-align: justify;\">L\u2019utilisateur peut s\u2019opposer \u00e0 l\u2019enregistrement de cookies, ou \u00eatre pr\u00e9venu avant d\u2019accepter les cookies, en configurant son ordinateur de la mani\u00e8re suivante<\/p>\n<p>Pour Microsoft Internet Explorer 6 et au-del\u00e0 :<\/p>\n<ol>\n<li>Choisissez le menu \u201d Outils \u201d (ou \u201d Tools \u201c), puis \u201d Options Internet \u201d (ou \u201d Internet Options \u201c)<\/li>\n<li>Cliquez sur l\u2019onglet \u201d Confidentialit\u00e9 \u201d (ou \u201d Confidentiality \u201c)<\/li>\n<li>S\u00e9lectionnez le niveau souhait\u00e9 \u00e0 l\u2019aide du curseur ou cliquez sur le bouton \u201d avanc\u00e9 \u201d pour personnaliser votre gestion des cookies<\/li>\n<\/ol>\n<p>Pour Microsoft Internet Explorer 5 :<\/p>\n<ol>\n<li>Choisissez le menu \u201d Outils \u201d (ou \u201d Tools \u201c), puis \u201d Option Internet \u201d (ou \u201d Internet Options \u201c)<\/li>\n<li>Cliquez sur l\u2019onglet \u201d S\u00e9curit\u00e9 \u201d (ou \u201d Security \u201c)<\/li>\n<li>S\u00e9lectionnez \u201d Internet \u201d puis \u201d Personnaliser le niveau \u201d (ou \u201d Custom Level \u201c)<\/li>\n<li>Rep\u00e9rez la rubrique \u201d cookies \u201d et choisissez l\u2019option qui vous convient<\/li>\n<\/ol>\n<p>Pour Firefox :<\/p>\n<ol>\n<li>Choisissez le menu \u201d Outils \u201c&gt; \u201d Options \u201c<\/li>\n<li>Cliquez sur l\u2019option \u201d Vie priv\u00e9e \u201c<\/li>\n<li>Rubrique \u201d Cookies \u201c<\/li>\n<\/ol>\n<p>Pour Op\u00e9ra :<\/p>\n<ol>\n<li>Choisissez le menu \u201d Fichier \u201c&gt; \u201d Pr\u00e9f\u00e9rences \u201c<\/li>\n<li>Vie priv\u00e9e<\/li>\n<\/ol>\n<p>Pour Google Chrome :<\/p>\n<ol>\n<li>Cliquez sur l\u2019ic\u00f4ne repr\u00e9sentant une cl\u00e9 \u00e0 molette qui est situ\u00e9e dans la barre d\u2019outils du navigateur.<\/li>\n<li>S\u00e9lectionnez Options (Pr\u00e9f\u00e9rences sous Mac et Linux, Param\u00e8tres sur un Chromebook).<\/li>\n<li>Choisissez l\u2019onglet Options avanc\u00e9es.<\/li>\n<li>Cliquez sur l\u2019option Param\u00e8tres de contenu de la section \u201cConfidentialit\u00e9\u201d.<\/li>\n<li>Dans la bo\u00eete de dialogue Param\u00e8tres de contenu qui s\u2019affiche, cliquez sur l\u2019onglet Cookies.<\/li>\n<\/ol>\n<p>&nbsp;<\/p>\n<h2>4. UTILISATION ET TRANSMISSION DE VOS DONN\u00c9ES PERSONNELLES<\/h2>\n<h3>DUR\u00c9ES DE STOCKAGE DE VOS DONN\u00c9ES<\/h3>\n<p style=\"text-align: justify;\">Pour les utilisateurs et utilisatrices qui s\u2019enregistrent sur notre site, nous stockons \u00e9galement les donn\u00e9es personnelles indiqu\u00e9es dans leur profil. Vous avez le droit de voir, modifier ou supprimer vos informations personnelles \u00e0 tout moment. Les gestionnaires du site peuvent aussi voir et modifier ces informations.<\/p>\n<p>&nbsp;<\/p>\n<h3>LES DROITS QUE VOUS AVEZ SUR VOS DONN\u00c9ES<\/h3>\n<p style=\"text-align: justify;\">Si vous avez un compte ou si vous avez laiss\u00e9 des commentaires sur le site, vous pouvez demander \u00e0 recevoir un fichier contenant toutes les donn\u00e9es personnelles que nous poss\u00e9dons \u00e0 votre sujet, incluant celles que vous nous avez fournies. Vous pouvez \u00e9galement demander la suppression de vos donn\u00e9es personnelles vous concernant simplement en nous contactant. Cela ne prend pas en compte les donn\u00e9es stock\u00e9es \u00e0 des fins administratives, l\u00e9gales ou pour des raisons de s\u00e9curit\u00e9.<\/p>\n<p>&nbsp;<\/p>\n<h2>5. INFORMATIONS DE CONTACT<\/h2>\n<p style=\"text-align: justify;\">Les informations de contact que nous gardons et recueillons sont stock\u00e9es \u00e0 des fins administratives, l\u00e9gales ou pour des raisons de s\u00e9curit\u00e9, uniquement. En aucun cas elles seront transmises \u00e0 des tiers commerciaux.<\/p>\n<p>&nbsp;<\/p>\n<h2>6. INFORMATIONS SUPPL\u00c9MENTAIRES<\/h2>\n<h3>COMMENT NOUS PROT\u00c9GEONS VOS DONN\u00c9ES<\/h3>\n<p style=\"text-align: justify;\">Notre serveur est prot\u00e9g\u00e9 et \u00e9troitement surveill\u00e9 avec l\u2019aide des derni\u00e8res technologies en cours, de nombreuses fonctionnalit\u00e9s de s\u00e9curit\u00e9 sont install\u00e9es sur notre site et sont mises \u00e0 jour r\u00e9guli\u00e8rement et un renforcement de s\u00e9curit\u00e9 des mots de passe est activ\u00e9.<\/p>\n<p style=\"text-align: justify;\">Ce site est analys\u00e9 par SiteCheck de Sucuri. Ils cherchent de logiciels malveillants potentiels et de vuln\u00e9rabilit\u00e9s. Nous n\u2019envoyons pas d\u2019informations personnelles \u00e0 Sucur. Pour plus de d\u00e9tails, veuillez consulter la politique de confidentialit\u00e9 de Sucuri.<\/p>\n<p>Pour des fins de s\u00e9curit\u00e9, nous collectons ces informations:<\/p>\n<p style=\"text-align: justify;\">L\u2019adresse IP des visiteurs, l\u2019ID utilisateur des utilisateurs connect\u00e9s et le nom d\u2019utilisateur des tentatives de connexion sont consign\u00e9s sous condition pour v\u00e9rifier l\u2019activit\u00e9 malveillante et prot\u00e9ger le site contre des types d\u2019attaques sp\u00e9cifiques. Les exemples de conditions lors de la journalisation comprennent les tentatives de connexion, les demandes de d\u00e9connexion, les demandes d\u2019URL suspectes, les modifications apport\u00e9es au contenu du site et les mises \u00e0 jour du mot de passe. Cette information est conserv\u00e9e pendant 60 jours.<\/p>\n<p>&nbsp;<\/p>\n<h2>7. PROC\u00c9DURES MISES EN OEUVRE EN CAS DE FUITES DE DONN\u00c9ES<\/h2>\n<p style=\"text-align: justify;\">Nos logiciels de s\u00e9curit\u00e9 nous avertissent en cas de piratage ou de probl\u00e8mes techniques. Si des donn\u00e9es devaient fuiter, un courriel serait envoy\u00e9 aux internautes concern\u00e9s, pour les avertir.<\/p>\n<p>&nbsp;<\/p>\n<h2>8. Op\u00e9rations de marketing automatis\u00e9 et\/ou de profilage r\u00e9alis\u00e9es \u00e0 l\u2019aide des donn\u00e9es personnelles<\/h2>\n<p style=\"text-align: justify;\">Nous pouvons \u00eatre amen\u00e9s \u00e0 utiliser un logiciel de marketing automatis\u00e9 pour vous envoyer des courriels de type marketing (par exemple lorsque vous vous abonnez \u00e0 notre infolettre pour recevoir nos derni\u00e8res informations, vous pourriez recevoir nos propres promotions). Si vous ne souhaitez pas recevoir ce type d\u2019envoi, vous pouvez vous d\u00e9sinscrire, en nous contactant ou en cliquant sur le lien de d\u00e9sinscription contenu dans chaque courriel.<\/p>\n<p>&nbsp;<\/p>\n<h2>9. QUI A ACC\u00c8S \u00c0 VOS DONN\u00c9ES<\/h2>\n<p>Les membres de notre \u00e9quipe ont acc\u00e8s aux informations que vous nous fournissez. Les administrateurs et g\u00e9rants ont acc\u00e8s\u00a0:<\/p>\n<ul>\n<li>Votre nom, adresse de messagerie, t\u00e9l\u00e9phone<\/li>\n<\/ul>\n<p style=\"text-align: justify;\">Notre \u00e9quipe a acc\u00e8s \u00e0 ces informations pour vous contacter.<\/p>\n<p>&nbsp;<\/p>\n<h2>10. CE QUE NOUS PARTAGEONS AVEC D&rsquo;AUTRES<\/h2>\n<p style=\"text-align: justify;\">Nous partageons des donn\u00e9es avec des tiers qui nous aident \u00e0 g\u00e9rer les commandes et la navigation g\u00e9n\u00e9rale. Il s\u2019agit de la plateforme Google Analytics pour les statistiques des visites. Ces types de cookies ne seront pas collect\u00e9s si vous refusez votre consentement lors de votre premi\u00e8re visite sur notre site.<\/p>\n<p>Le cookie mis en \u0153uvre dans le cadre de la solution reCAPTCHA de Google est utilis\u00e9 pour prot\u00e9ger le site contre les logiciels automatiques ou semi automatiques et les risque d\u2019intrusion sur le site. Il s\u2019agit d\u2019un service de protection des entr\u00e9es des formulaires sur notre site.<\/p>\n<p>Cette solution permet de distinguer les personnes physiques des logiciels automatis\u00e9s (appel\u00e9s bots) en analysant leur comportement sur internet. Cette technologie est utilis\u00e9e afin de prot\u00e9ger le formulaire de contact du site des bots qui scannent le web et envoient des spam ou des messages d\u2019hame\u00e7onnages.<\/p>\n<p>Ce service utilise un cookie et envoie des informations \u00e0 la soci\u00e9t\u00e9 Google afin qu\u2019elle am\u00e9liore ses services.<\/p>\n<p>&nbsp;<\/p>\n<h2>11. NEWSLETTER \/ INFOLETTRE<\/h2>\n<p style=\"text-align: justify;\">Dans le cas o\u00f9 nous utilisons une infolettre nous pourrons \u00eatre amen\u00e9s, plus tard \u00e0 vous envoyer des courriels de type marketing. Ces types de courriels seront envoy\u00e9s uniquement en notre nom.<\/p>\n<p>Nous n\u2019enverrons que les e-mails d\u2019informations nous concernant. Lors de votre inscription, nous collectons votre adresse e-mail, votre nom et pr\u00e9nom.<\/p>\n<p>Nous envoyons nos emails via notre propre serveur s\u00e9curis\u00e9.<\/p>\n<p style=\"text-align: justify;\">Une fois que vous recevez un e-mail de notre part, nous suivons si vous ouvrez l\u2019e-mail dans votre client de messagerie, si vous cliquez sur un lien dans l\u2019e-mail.<\/p>\n<p style=\"text-align: justify;\">Vous pourrez vous d\u00e9sinscrire de notre infolettre \u00e0 tout moment simplement en cliquant sur le lien en bas de chaque e-mail. Dans ce cas, vous ne recevrez plus aucun e-mail de notre part.<\/p>\n<p>[\/vc_column_text][\/vc_column][\/vc_row]<\/p>\n<\/section>","protected":false},"excerpt":{"rendered":"<p>[vc_row][vc_column][vc_column_text]&nbsp; 1. QUI SOMMES NOUS L\u2019adresse de notre site Web est : https:\/\/m2tinformatique.com Webmaster : https:\/\/promasterweb.com H\u00e9bergement : Promasterweb 2. UTILISATION DES DONN\u00c9ES PERSONNELLES COLLECT\u00c9ES De mani\u00e8re g\u00e9n\u00e9rale, vous n\u2019\u00eates pas tenu de nous communiquer vos donn\u00e9es personnelles lorsque vous visitez Mi28.fr. Cependant, ce principe comporte certaines exceptions. En effet, pour certains services propos\u00e9s par&hellip;<\/p>\n","protected":false},"author":1,"featured_media":0,"parent":0,"menu_order":0,"comment_status":"closed","ping_status":"open","template":"","meta":{"footnotes":""},"class_list":["post-3","page","type-page","status-publish","hentry","description-off"],"_links":{"self":[{"href":"https:\/\/m2tinformatique.com\/index.php?rest_route=\/wp\/v2\/pages\/3","targetHints":{"allow":["GET"]}}],"collection":[{"href":"https:\/\/m2tinformatique.com\/index.php?rest_route=\/wp\/v2\/pages"}],"about":[{"href":"https:\/\/m2tinformatique.com\/index.php?rest_route=\/wp\/v2\/types\/page"}],"author":[{"embeddable":true,"href":"https:\/\/m2tinformatique.com\/index.php?rest_route=\/wp\/v2\/users\/1"}],"replies":[{"embeddable":true,"href":"https:\/\/m2tinformatique.com\/index.php?rest_route=%2Fwp%2Fv2%2Fcomments&post=3"}],"version-history":[{"count":4,"href":"https:\/\/m2tinformatique.com\/index.php?rest_route=\/wp\/v2\/pages\/3\/revisions"}],"predecessor-version":[{"id":3684,"href":"https:\/\/m2tinformatique.com\/index.php?rest_route=\/wp\/v2\/pages\/3\/revisions\/3684"}],"wp:attachment":[{"href":"https:\/\/m2tinformatique.com\/index.php?rest_route=%2Fwp%2Fv2%2Fmedia&parent=3"}],"curies":[{"name":"wp","href":"https:\/\/api.w.org\/{rel}","templated":true}]}}