{"id":3611,"date":"2024-04-26T18:43:34","date_gmt":"2024-04-26T16:43:34","guid":{"rendered":"https:\/\/mi28.fr\/?page_id=3611"},"modified":"2024-04-26T18:47:07","modified_gmt":"2024-04-26T16:47:07","slug":"blog","status":"publish","type":"page","link":"https:\/\/m2tinformatique.com\/?page_id=3611","title":{"rendered":"Blog"},"content":{"rendered":"<section class=\"wpb-content-wrapper\"><p>[vc_row][vc_column]<style type=\"text\/css\" data-type=\"the7_shortcodes-inline-css\">.blog-shortcode.blog-masonry-shortcode-id-03e3fc66a20f14f62a9609e51a959ec1.dividers-on.classic-layout-list article {\n  padding-top: 0;\n}\n.blog-shortcode.blog-masonry-shortcode-id-03e3fc66a20f14f62a9609e51a959ec1.dividers-on.classic-layout-list article:first-of-type {\n  margin-top: 0;\n  padding-top: 0;\n}\n.blog-shortcode.blog-masonry-shortcode-id-03e3fc66a20f14f62a9609e51a959ec1.classic-layout-list.mode-list .post-entry-content {\n  width: calc(100% - );\n}\n.blog-shortcode.blog-masonry-shortcode-id-03e3fc66a20f14f62a9609e51a959ec1.classic-layout-list.mode-list .no-img .post-entry-content {\n  width: 100%;\n}\n.blog-shortcode.blog-masonry-shortcode-id-03e3fc66a20f14f62a9609e51a959ec1 .filter-bg-decoration .filter-categories a.act {\n  color: #fff;\n}\n.blog-shortcode.blog-masonry-shortcode-id-03e3fc66a20f14f62a9609e51a959ec1:not(.mode-masonry) article:first-of-type,\n.blog-shortcode.blog-masonry-shortcode-id-03e3fc66a20f14f62a9609e51a959ec1:not(.mode-masonry) article.visible.first:not(.product) {\n  margin-top: 0;\n}\n.blog-shortcode.blog-masonry-shortcode-id-03e3fc66a20f14f62a9609e51a959ec1.dividers-on:not(.mode-masonry) article {\n  margin-top: 0;\n}\n.blog-shortcode.blog-masonry-shortcode-id-03e3fc66a20f14f62a9609e51a959ec1.dividers-on:not(.mode-masonry) article:first-of-type,\n.blog-shortcode.blog-masonry-shortcode-id-03e3fc66a20f14f62a9609e51a959ec1.dividers-on:not(.mode-masonry) article.visible.first:not(.product) {\n  margin-top: 0;\n  padding-top: 0;\n}\n.blog-shortcode.blog-masonry-shortcode-id-03e3fc66a20f14f62a9609e51a959ec1 .post-thumbnail-wrap {\n  padding: 0px 0px 0px 0px;\n}\n.blog-shortcode.blog-masonry-shortcode-id-03e3fc66a20f14f62a9609e51a959ec1.enable-bg-rollover .post-thumbnail-rollover:after {\n  background: -webkit-linear-gradient();\n  background: linear-gradient();\n}\n.blog-shortcode.blog-masonry-shortcode-id-03e3fc66a20f14f62a9609e51a959ec1 .gallery-zoom-ico {\n  width: 44px;\n  height: 44px;\n  line-height: 44px;\n  border-radius: 100px;\n  margin: -22px 0 0 -22px;\n  border-width: 0px;\n  color: #ffffff;\n}\n.bottom-overlap-layout-list.blog-shortcode.blog-masonry-shortcode-id-03e3fc66a20f14f62a9609e51a959ec1 .gallery-zoom-ico {\n  margin-top: -72px;\n}\n.gradient-overlay-layout-list.blog-shortcode.blog-masonry-shortcode-id-03e3fc66a20f14f62a9609e51a959ec1 .gallery-zoom-ico,\n.content-rollover-layout-list.blog-shortcode.blog-masonry-shortcode-id-03e3fc66a20f14f62a9609e51a959ec1 .gallery-zoom-ico {\n  margin: 0 0 10px;\n}\n.content-align-center.gradient-overlay-layout-list.blog-shortcode.blog-masonry-shortcode-id-03e3fc66a20f14f62a9609e51a959ec1 .gallery-zoom-ico,\n.content-align-center.content-rollover-layout-list.blog-shortcode.blog-masonry-shortcode-id-03e3fc66a20f14f62a9609e51a959ec1 .gallery-zoom-ico {\n  margin: 0 auto 10px;\n}\n.dt-icon-bg-on.blog-shortcode.blog-masonry-shortcode-id-03e3fc66a20f14f62a9609e51a959ec1 .gallery-zoom-ico {\n  background: rgba(255,255,255,0.3);\n  box-shadow: none;\n}\n.blog-shortcode.blog-masonry-shortcode-id-03e3fc66a20f14f62a9609e51a959ec1 .gallery-zoom-ico > span,\n.blog-shortcode.blog-masonry-shortcode-id-03e3fc66a20f14f62a9609e51a959ec1 .gallery-zoom-ico:before {\n  font-size: 32px;\n  line-height: 44px;\n}\n.blog-shortcode.blog-masonry-shortcode-id-03e3fc66a20f14f62a9609e51a959ec1 .gallery-zoom-ico > span,\n.blog-shortcode.blog-masonry-shortcode-id-03e3fc66a20f14f62a9609e51a959ec1 .gallery-zoom-ico:before {\n  color: #ffffff;\n}\n.blog-shortcode.blog-masonry-shortcode-id-03e3fc66a20f14f62a9609e51a959ec1 .entry-title,\n.blog-shortcode.blog-masonry-shortcode-id-03e3fc66a20f14f62a9609e51a959ec1.owl-carousel .entry-title {\n  margin-bottom: 5px;\n  font-weight: bold;\n}\n.blog-shortcode.blog-masonry-shortcode-id-03e3fc66a20f14f62a9609e51a959ec1 .entry-meta {\n  margin-bottom: 15px;\n}\n.blog-shortcode.blog-masonry-shortcode-id-03e3fc66a20f14f62a9609e51a959ec1 .portfolio-categories {\n  margin-bottom: 15px;\n}\n.blog-shortcode.blog-masonry-shortcode-id-03e3fc66a20f14f62a9609e51a959ec1 .entry-excerpt {\n  margin-bottom: 5px;\n}\n.blog-shortcode.blog-masonry-shortcode-id-03e3fc66a20f14f62a9609e51a959ec1:not(.centered-layout-list) .post-entry-content {\n  padding: 25px 30px 30px 30px;\n}\n.blog-shortcode.blog-masonry-shortcode-id-03e3fc66a20f14f62a9609e51a959ec1:not(.centered-layout-list):not(.content-bg-on):not(.mode-list) .no-img .post-entry-content {\n  padding: 0;\n}\n@media screen and (max-width: ) {\n  .blog-shortcode.blog-masonry-shortcode-id-03e3fc66a20f14f62a9609e51a959ec1 article {\n    -ms-flex-flow: column nowrap;\n    flex-flow: column nowrap;\n    margin-top: 20px;\n  }\n  .blog-shortcode.blog-masonry-shortcode-id-03e3fc66a20f14f62a9609e51a959ec1.dividers-on article {\n    border: none;\n  }\n  .blog-shortcode.blog-masonry-shortcode-id-03e3fc66a20f14f62a9609e51a959ec1.content-bg-on.centered-layout-list article {\n    padding: 0;\n  }\n  .blog-shortcode.blog-masonry-shortcode-id-03e3fc66a20f14f62a9609e51a959ec1.blog-shortcode.dividers-on article,\n  .blog-shortcode.blog-masonry-shortcode-id-03e3fc66a20f14f62a9609e51a959ec1.dividers-on.classic-layout-list article {\n    margin-top: 20px;\n    padding: 0;\n  }\n  .blog-shortcode.blog-masonry-shortcode-id-03e3fc66a20f14f62a9609e51a959ec1.blog-shortcode.dividers-on article:first-of-type,\n  .blog-shortcode.blog-masonry-shortcode-id-03e3fc66a20f14f62a9609e51a959ec1.dividers-on.classic-layout-list article:first-of-type {\n    padding: 0;\n  }\n  #page .blog-shortcode.blog-masonry-shortcode-id-03e3fc66a20f14f62a9609e51a959ec1 .post-thumbnail-wrap,\n  #page .blog-shortcode.blog-masonry-shortcode-id-03e3fc66a20f14f62a9609e51a959ec1 .post-entry-content {\n    width: 100%;\n    margin: 0;\n    top: 0;\n  }\n  #page .blog-shortcode.blog-masonry-shortcode-id-03e3fc66a20f14f62a9609e51a959ec1 .post-thumbnail-wrap {\n    padding: 0;\n  }\n  #page .blog-shortcode.blog-masonry-shortcode-id-03e3fc66a20f14f62a9609e51a959ec1 .post-entry-content:after {\n    display: none;\n  }\n  #page .blog-shortcode.blog-masonry-shortcode-id-03e3fc66a20f14f62a9609e51a959ec1 .project-even .post-thumbnail-wrap,\n  #page .blog-shortcode.blog-masonry-shortcode-id-03e3fc66a20f14f62a9609e51a959ec1.centered-layout-list .post-thumbnail-wrap {\n    -ms-flex-order: 0;\n    order: 0;\n  }\n  #page .blog-shortcode.blog-masonry-shortcode-id-03e3fc66a20f14f62a9609e51a959ec1.centered-layout-list .post-entry-title-content {\n    -ms-flex-order: 1;\n    order: 1;\n    width: 100%;\n    padding: 20px 20px 0;\n  }\n  #page .blog-shortcode.blog-masonry-shortcode-id-03e3fc66a20f14f62a9609e51a959ec1.centered-layout-list .post-entry-content {\n    -ms-flex-order: 2;\n    order: 2;\n    padding-top: 0;\n  }\n  #page .blog-shortcode.blog-masonry-shortcode-id-03e3fc66a20f14f62a9609e51a959ec1 .fancy-categories {\n    top: 10px;\n    left: 10px;\n    bottom: auto;\n    right: auto;\n  }\n  #page .blog-shortcode.blog-masonry-shortcode-id-03e3fc66a20f14f62a9609e51a959ec1 .fancy-date a {\n    top: 10px;\n    right: 10px;\n    left: auto;\n    bottom: auto;\n  }\n  #page .blog-shortcode.blog-masonry-shortcode-id-03e3fc66a20f14f62a9609e51a959ec1 .post-entry-content {\n    padding: 20px;\n  }\n  #page .blog-shortcode.blog-masonry-shortcode-id-03e3fc66a20f14f62a9609e51a959ec1 .entry-title {\n    margin: 3px 0 5px;\n    font-size: 20px;\n    line-height: 26px;\n  }\n  #page .blog-shortcode.blog-masonry-shortcode-id-03e3fc66a20f14f62a9609e51a959ec1 .entry-meta {\n    margin: 5px 0 5px;\n  }\n  #page .blog-shortcode.blog-masonry-shortcode-id-03e3fc66a20f14f62a9609e51a959ec1 .entry-excerpt {\n    margin: 15px 0 0;\n  }\n  #page .blog-shortcode.blog-masonry-shortcode-id-03e3fc66a20f14f62a9609e51a959ec1 .post-details {\n    margin: 5px 0 10px;\n  }\n  #page .blog-shortcode.blog-masonry-shortcode-id-03e3fc66a20f14f62a9609e51a959ec1 .post-details.details-type-link {\n    margin-bottom: 2px;\n  }\n}\n.blog-shortcode.blog-masonry-shortcode-id-03e3fc66a20f14f62a9609e51a959ec1:not(.resize-by-browser-width) .dt-css-grid {\n  grid-row-gap: 30px;\n  grid-column-gap: 30px;\n  grid-template-columns: repeat(auto-fill,minmax(,1fr));\n}\n.blog-shortcode.blog-masonry-shortcode-id-03e3fc66a20f14f62a9609e51a959ec1:not(.resize-by-browser-width) .dt-css-grid .double-width {\n  grid-column: span 2;\n}\n.cssgridlegacy.no-cssgrid .blog-shortcode.blog-masonry-shortcode-id-03e3fc66a20f14f62a9609e51a959ec1:not(.resize-by-browser-width) .dt-css-grid,\n.no-cssgridlegacy.no-cssgrid .blog-shortcode.blog-masonry-shortcode-id-03e3fc66a20f14f62a9609e51a959ec1:not(.resize-by-browser-width) .dt-css-grid {\n  display: flex;\n  flex-flow: row wrap;\n  margin: -15px;\n}\n.cssgridlegacy.no-cssgrid .blog-shortcode.blog-masonry-shortcode-id-03e3fc66a20f14f62a9609e51a959ec1:not(.resize-by-browser-width) .dt-css-grid .wf-cell,\n.no-cssgridlegacy.no-cssgrid .blog-shortcode.blog-masonry-shortcode-id-03e3fc66a20f14f62a9609e51a959ec1:not(.resize-by-browser-width) .dt-css-grid .wf-cell {\n  flex: 1 0 ;\n  max-width: 100%;\n  padding: 15px;\n  box-sizing: border-box;\n}\n.blog-shortcode.blog-masonry-shortcode-id-03e3fc66a20f14f62a9609e51a959ec1.resize-by-browser-width .dt-css-grid {\n  grid-template-columns: repeat(3,1fr);\n  grid-template-rows: auto;\n  grid-column-gap: 30px;\n  grid-row-gap: 30px;\n}\n.blog-shortcode.blog-masonry-shortcode-id-03e3fc66a20f14f62a9609e51a959ec1.resize-by-browser-width .dt-css-grid .double-width {\n  grid-column: span 2;\n}\n.cssgridlegacy.no-cssgrid .blog-shortcode.blog-masonry-shortcode-id-03e3fc66a20f14f62a9609e51a959ec1.resize-by-browser-width .dt-css-grid {\n  margin: -15px;\n}\n.cssgridlegacy.no-cssgrid .blog-shortcode.blog-masonry-shortcode-id-03e3fc66a20f14f62a9609e51a959ec1.resize-by-browser-width .dt-css-grid .wf-cell {\n  width: 33.333333333333%;\n  padding: 15px;\n}\n.cssgridlegacy.no-cssgrid .blog-shortcode.blog-masonry-shortcode-id-03e3fc66a20f14f62a9609e51a959ec1.resize-by-browser-width .dt-css-grid .wf-cell.double-width {\n  width: calc(33.333333333333%) * 2;\n}\n.blog-shortcode.blog-masonry-shortcode-id-03e3fc66a20f14f62a9609e51a959ec1.resize-by-browser-width:not(.centered-layout-list):not(.content-bg-on) .dt-css-grid {\n  grid-row-gap: 0px;\n}\n@media screen and (max-width: 1199px) {\n  .blog-shortcode.blog-masonry-shortcode-id-03e3fc66a20f14f62a9609e51a959ec1.resize-by-browser-width .dt-css-grid {\n    grid-template-columns: repeat(3,1fr);\n  }\n  .cssgridlegacy.no-cssgrid .blog-shortcode.blog-masonry-shortcode-id-03e3fc66a20f14f62a9609e51a959ec1.resize-by-browser-width .dt-css-grid .wf-cell,\n  .no-cssgridlegacy.no-cssgrid .blog-shortcode.blog-masonry-shortcode-id-03e3fc66a20f14f62a9609e51a959ec1.resize-by-browser-width .dt-css-grid .wf-cell {\n    width: 33.333333333333%;\n  }\n  .cssgridlegacy.no-cssgrid .blog-shortcode.blog-masonry-shortcode-id-03e3fc66a20f14f62a9609e51a959ec1.resize-by-browser-width .dt-css-grid .wf-cell.double-width,\n  .no-cssgridlegacy.no-cssgrid .blog-shortcode.blog-masonry-shortcode-id-03e3fc66a20f14f62a9609e51a959ec1.resize-by-browser-width .dt-css-grid .wf-cell.double-width {\n    width: calc(33.333333333333%)*2;\n  }\n}\n@media screen and (max-width: 991px) {\n  .blog-shortcode.blog-masonry-shortcode-id-03e3fc66a20f14f62a9609e51a959ec1.resize-by-browser-width .dt-css-grid {\n    grid-template-columns: repeat(2,1fr);\n  }\n  .cssgridlegacy.no-cssgrid .blog-shortcode.blog-masonry-shortcode-id-03e3fc66a20f14f62a9609e51a959ec1.resize-by-browser-width .dt-css-grid .wf-cell,\n  .no-cssgridlegacy.no-cssgrid .blog-shortcode.blog-masonry-shortcode-id-03e3fc66a20f14f62a9609e51a959ec1.resize-by-browser-width .dt-css-grid .wf-cell {\n    width: 50%;\n  }\n  .cssgridlegacy.no-cssgrid .blog-shortcode.blog-masonry-shortcode-id-03e3fc66a20f14f62a9609e51a959ec1.resize-by-browser-width .dt-css-grid .wf-cell.double-width,\n  .no-cssgridlegacy.no-cssgrid .blog-shortcode.blog-masonry-shortcode-id-03e3fc66a20f14f62a9609e51a959ec1.resize-by-browser-width .dt-css-grid .wf-cell.double-width {\n    width: calc(50%)*2;\n  }\n}\n@media screen and (max-width: 767px) {\n  .blog-shortcode.blog-masonry-shortcode-id-03e3fc66a20f14f62a9609e51a959ec1.resize-by-browser-width .dt-css-grid {\n    grid-template-columns: repeat(1,1fr);\n  }\n  .blog-shortcode.blog-masonry-shortcode-id-03e3fc66a20f14f62a9609e51a959ec1.resize-by-browser-width .dt-css-grid .double-width {\n    grid-column: span 1;\n  }\n  .cssgridlegacy.no-cssgrid .blog-shortcode.blog-masonry-shortcode-id-03e3fc66a20f14f62a9609e51a959ec1.resize-by-browser-width .dt-css-grid .wf-cell,\n  .no-cssgridlegacy.no-cssgrid .blog-shortcode.blog-masonry-shortcode-id-03e3fc66a20f14f62a9609e51a959ec1.resize-by-browser-width .dt-css-grid .wf-cell {\n    width: 100%;\n  }\n  .cssgridlegacy.no-cssgrid .blog-shortcode.blog-masonry-shortcode-id-03e3fc66a20f14f62a9609e51a959ec1.resize-by-browser-width .dt-css-grid .wf-cell.double-width,\n  .no-cssgridlegacy.no-cssgrid .blog-shortcode.blog-masonry-shortcode-id-03e3fc66a20f14f62a9609e51a959ec1.resize-by-browser-width .dt-css-grid .wf-cell.double-width {\n    width: calc(100%)*2;\n  }\n}\n<\/style><div class=\"blog-shortcode blog-masonry-shortcode-id-03e3fc66a20f14f62a9609e51a959ec1 mode-grid classic-layout-list content-bg-on jquery-filter scale-img meta-info-off dt-css-grid-wrap dt-icon-bg-off resize-by-browser-width loading-effect-none description-under-image \" data-padding=\"15px\" data-cur-page=\"1\" data-post-limit=\"-1\" data-pagination-mode=\"none\" data-desktop-columns-num=\"3\" data-v-tablet-columns-num=\"2\" data-h-tablet-columns-num=\"3\" data-phone-columns-num=\"1\" data-width=\"0px\" data-columns=\"0\"><div class=\"dt-css-grid\" ><div class=\"visible wf-cell\" data-post-id=\"3597\" data-date=\"2024-04-05T18:24:12+02:00\" data-name=\"Astuces pour acc\u00e9l\u00e9rer macOS Monterey\"><article class=\"post project-odd visible post-3597 type-post status-publish format-standard has-post-thumbnail hentry category-non-classe category-1\" data-name=\"Astuces pour acc\u00e9l\u00e9rer macOS Monterey\" data-date=\"2024-04-05T18:24:12+02:00\">\n\n<div class=\"post-thumbnail-wrap\">\n\t<div class=\"post-thumbnail\">\n\t\t\n\t\t\n\t\t<a href=\"https:\/\/m2tinformatique.com\/?p=3597\" class=\"post-thumbnail-rollover layzr-bg layzr-bg\"><img loading=\"lazy\" decoding=\"async\" class=\"iso-lazy-load preload-me iso-lazy-load\" src=\"data:image\/svg+xml,%3Csvg%20xmlns%3D&#39;http%3A%2F%2Fwww.w3.org%2F2000%2Fsvg&#39;%20viewBox%3D&#39;0%200%20768%20512&#39;%2F%3E\" data-src=\"https:\/\/m2tinformatique.com\/wp-content\/uploads\/2024\/04\/accelerer-mac-768x512.jpg\" data-srcset=\"https:\/\/m2tinformatique.com\/wp-content\/uploads\/2024\/04\/accelerer-mac-768x512.jpg 768w, https:\/\/m2tinformatique.com\/wp-content\/uploads\/2024\/04\/accelerer-mac-800x533.jpg 800w\" alt=\"\" title=\"accelerer-mac\" width=\"768\" height=\"512\"  \/><\/a>\t<\/div>\n<\/div>\n\n\n<div class=\"post-entry-content\">\n\n\t<h3 class=\"entry-title\">\n\t\t<a href=\"https:\/\/m2tinformatique.com\/?p=3597\" title=\"Astuces pour acc\u00e9l\u00e9rer macOS Monterey\" rel=\"bookmark\">Astuces pour acc\u00e9l\u00e9rer macOS Monterey<\/a>\n\t<\/h3>\n\n\t\n\t<div class=\"entry-excerpt\"><p>[vc_row][vc_column][vc_column_text]Vous souhaitez acc\u00e9l\u00e9rer macOS Monterey ? Si vous \u00eates aux prises avec un syst\u00e8me Mac qui fonctionne lentement apr\u00e8s la mise \u00e0 jour vers le nouveau macOS Monterey, vous trouverez dans ce blog plusieurs astuces pour r\u00e9soudre le probl\u00e8me. En plus, vous apprendrez comment contrer la perte de donn\u00e9es si\u2026<\/p>\n<\/div>\n\t\n<a href=\"https:\/\/m2tinformatique.com\/?p=3597\" class=\"post-details details-type-link\" aria-label=\"En savoir plus sur Astuces pour acc\u00e9l\u00e9rer macOS Monterey\">Lire la suite<i class=\"dt-icon-the7-arrow-03\" aria-hidden=\"true\"><\/i><\/a>\n\n<\/div><\/article><\/div><div class=\"visible wf-cell\" data-post-id=\"3590\" data-date=\"2024-03-20T09:55:34+01:00\" data-name=\"Rebooster un ordinateur lent\"><article class=\"post project-odd visible post-3590 type-post status-publish format-standard has-post-thumbnail hentry category-non-classe category-1\" data-name=\"Rebooster un ordinateur lent\" data-date=\"2024-03-20T09:55:34+01:00\">\n\n<div class=\"post-thumbnail-wrap\">\n\t<div class=\"post-thumbnail\">\n\t\t\n\t\t\n\t\t<a href=\"https:\/\/m2tinformatique.com\/?p=3590\" class=\"post-thumbnail-rollover layzr-bg layzr-bg\"><img loading=\"lazy\" decoding=\"async\" class=\"iso-lazy-load preload-me iso-lazy-load\" src=\"data:image\/svg+xml,%3Csvg%20xmlns%3D&#39;http%3A%2F%2Fwww.w3.org%2F2000%2Fsvg&#39;%20viewBox%3D&#39;0%200%20768%20512&#39;%2F%3E\" data-src=\"https:\/\/m2tinformatique.com\/wp-content\/uploads\/2024\/04\/femme-senerve-devant-son-pc-trop-lent-768x512.jpg\" data-srcset=\"https:\/\/m2tinformatique.com\/wp-content\/uploads\/2024\/04\/femme-senerve-devant-son-pc-trop-lent-768x512.jpg 768w, https:\/\/m2tinformatique.com\/wp-content\/uploads\/2024\/04\/femme-senerve-devant-son-pc-trop-lent-985x657.jpg 985w\" alt=\"\" title=\"femme-senerve-devant-son-pc-trop-lent\" width=\"768\" height=\"512\"  \/><\/a>\t<\/div>\n<\/div>\n\n\n<div class=\"post-entry-content\">\n\n\t<h3 class=\"entry-title\">\n\t\t<a href=\"https:\/\/m2tinformatique.com\/?p=3590\" title=\"Rebooster un ordinateur lent\" rel=\"bookmark\">Rebooster un ordinateur lent<\/a>\n\t<\/h3>\n\n\t\n\t<div class=\"entry-excerpt\"><p>[vc_row][vc_column][vc_column_text]Quoi de plus \u00e9nervant qu\u2019un ordinateur qui rame ? Apr\u00e8s de bons et loyaux services, votre fid\u00e8le serviteur se met \u00e0 fl\u00e2ner pour r\u00e9pondre \u00e0 vos sollicitations. Cet article vous expose quelques trucs \u00e0 mettre en \u0153uvre pour lui redonner une seconde vigueur ! &nbsp; C\u00f4t\u00e9 soft : fa\u00eetes le\u2026<\/p>\n<\/div>\n\t\n<a href=\"https:\/\/m2tinformatique.com\/?p=3590\" class=\"post-details details-type-link\" aria-label=\"En savoir plus sur Rebooster un ordinateur lent\">Lire la suite<i class=\"dt-icon-the7-arrow-03\" aria-hidden=\"true\"><\/i><\/a>\n\n<\/div><\/article><\/div><div class=\"visible wf-cell\" data-post-id=\"3577\" data-date=\"2024-03-15T15:36:00+01:00\" data-name=\"Astuces pour r\u00e9parer votre ordinateur\"><article class=\"post project-odd visible post-3577 type-post status-publish format-standard has-post-thumbnail hentry category-non-classe category-1\" data-name=\"Astuces pour r\u00e9parer votre ordinateur\" data-date=\"2024-03-15T15:36:00+01:00\">\n\n<div class=\"post-thumbnail-wrap\">\n\t<div class=\"post-thumbnail\">\n\t\t\n\t\t\n\t\t<a href=\"https:\/\/m2tinformatique.com\/?p=3577\" class=\"post-thumbnail-rollover layzr-bg layzr-bg\"><img loading=\"lazy\" decoding=\"async\" class=\"iso-lazy-load preload-me iso-lazy-load\" src=\"data:image\/svg+xml,%3Csvg%20xmlns%3D&#39;http%3A%2F%2Fwww.w3.org%2F2000%2Fsvg&#39;%20viewBox%3D&#39;0%200%20768%20512&#39;%2F%3E\" data-src=\"https:\/\/m2tinformatique.com\/wp-content\/uploads\/2024\/04\/depannage-informatique-chateaudun-768x512.jpg\" data-srcset=\"https:\/\/m2tinformatique.com\/wp-content\/uploads\/2024\/04\/depannage-informatique-chateaudun-768x512.jpg 768w, https:\/\/m2tinformatique.com\/wp-content\/uploads\/2024\/04\/depannage-informatique-chateaudun.jpg 1030w\" alt=\"depannage-informatique-armentieres\" title=\"depannage-informatique-armentieres\" width=\"768\" height=\"512\"  \/><\/a>\t<\/div>\n<\/div>\n\n\n<div class=\"post-entry-content\">\n\n\t<h3 class=\"entry-title\">\n\t\t<a href=\"https:\/\/m2tinformatique.com\/?p=3577\" title=\"Astuces pour r\u00e9parer votre ordinateur\" rel=\"bookmark\">Astuces pour r\u00e9parer votre ordinateur<\/a>\n\t<\/h3>\n\n\t\n\t<div class=\"entry-excerpt\"><p>[vc_row][vc_column][vc_column_text] Que vous soyez novice en informatique ou utilisateur exp\u00e9riment\u00e9, ces astuces vous aideront \u00e0 identifier et \u00e0 r\u00e9soudre les probl\u00e8mes les plus courants avec votre ordinateur. De l\u2019optimisation des performances \u00e0 la r\u00e9cup\u00e9ration des donn\u00e9es perdues, nous couvrons tous les aspects de la r\u00e9solution des probl\u00e8mes informatiques. Ne laissez\u2026<\/p>\n<\/div>\n\t\n<a href=\"https:\/\/m2tinformatique.com\/?p=3577\" class=\"post-details details-type-link\" aria-label=\"En savoir plus sur Astuces pour r\u00e9parer votre ordinateur\">Lire la suite<i class=\"dt-icon-the7-arrow-03\" aria-hidden=\"true\"><\/i><\/a>\n\n<\/div><\/article><\/div><div class=\"visible wf-cell\" data-post-id=\"3607\" data-date=\"2024-02-26T18:41:43+01:00\" data-name=\"R\u00e9seau domestique \/ R\u00e9seau d&#039;entreprise\"><article class=\"post project-odd visible post-3607 type-post status-publish format-standard has-post-thumbnail hentry category-non-classe category-1\" data-name=\"R\u00e9seau domestique \/ R\u00e9seau d&rsquo;entreprise\" data-date=\"2024-02-26T18:41:43+01:00\">\n\n<div class=\"post-thumbnail-wrap\">\n\t<div class=\"post-thumbnail\">\n\t\t\n\t\t\n\t\t<a href=\"https:\/\/m2tinformatique.com\/?p=3607\" class=\"post-thumbnail-rollover layzr-bg layzr-bg\"><img loading=\"lazy\" decoding=\"async\" class=\"iso-lazy-load preload-me iso-lazy-load\" src=\"data:image\/svg+xml,%3Csvg%20xmlns%3D&#39;http%3A%2F%2Fwww.w3.org%2F2000%2Fsvg&#39;%20viewBox%3D&#39;0%200%20600%20400&#39;%2F%3E\" data-src=\"https:\/\/m2tinformatique.com\/wp-content\/uploads\/2024\/04\/router600x430-600x400.jpg\" data-srcset=\"https:\/\/m2tinformatique.com\/wp-content\/uploads\/2024\/04\/router600x430-600x400.jpg 600w\" alt=\"\" title=\"router600x430\" width=\"600\" height=\"400\"  \/><\/a>\t<\/div>\n<\/div>\n\n\n<div class=\"post-entry-content\">\n\n\t<h3 class=\"entry-title\">\n\t\t<a href=\"https:\/\/m2tinformatique.com\/?p=3607\" title=\"R\u00e9seau domestique \/ R\u00e9seau d&rsquo;entreprise\" rel=\"bookmark\">R\u00e9seau domestique \/ R\u00e9seau d&rsquo;entreprise<\/a>\n\t<\/h3>\n\n\t\n\t<div class=\"entry-excerpt\"><p>Aujourd\u2019hui plus que jamais, les entreprises de toutes tailles et de tous horizons d\u00e9pendent des r\u00e9seaux. Cette technologie permet aux employ\u00e9s de partager des informations pr\u00e9cieuses et d\u2019interagir avec leur public cible. Dans cet article, vous d\u00e9couvrirez les principales diff\u00e9rences entre un r\u00e9seau domestique et un r\u00e9seau d\u2019entreprise, ainsi que\u2026<\/p>\n<\/div>\n\t\n<a href=\"https:\/\/m2tinformatique.com\/?p=3607\" class=\"post-details details-type-link\" aria-label=\"En savoir plus sur R\u00e9seau domestique \/ R\u00e9seau d&rsquo;entreprise\">Lire la suite<i class=\"dt-icon-the7-arrow-03\" aria-hidden=\"true\"><\/i><\/a>\n\n<\/div><\/article><\/div><\/div><!-- iso-container|iso-grid --><\/div>[\/vc_column][\/vc_row]<\/p>\n<\/section>","protected":false},"excerpt":{"rendered":"<p>[vc_row][vc_column][\/vc_column][\/vc_row]<\/p>\n","protected":false},"author":1,"featured_media":0,"parent":0,"menu_order":0,"comment_status":"closed","ping_status":"closed","template":"","meta":{"footnotes":""},"class_list":["post-3611","page","type-page","status-publish","hentry","description-off"],"_links":{"self":[{"href":"https:\/\/m2tinformatique.com\/index.php?rest_route=\/wp\/v2\/pages\/3611","targetHints":{"allow":["GET"]}}],"collection":[{"href":"https:\/\/m2tinformatique.com\/index.php?rest_route=\/wp\/v2\/pages"}],"about":[{"href":"https:\/\/m2tinformatique.com\/index.php?rest_route=\/wp\/v2\/types\/page"}],"author":[{"embeddable":true,"href":"https:\/\/m2tinformatique.com\/index.php?rest_route=\/wp\/v2\/users\/1"}],"replies":[{"embeddable":true,"href":"https:\/\/m2tinformatique.com\/index.php?rest_route=%2Fwp%2Fv2%2Fcomments&post=3611"}],"version-history":[{"count":4,"href":"https:\/\/m2tinformatique.com\/index.php?rest_route=\/wp\/v2\/pages\/3611\/revisions"}],"predecessor-version":[{"id":3615,"href":"https:\/\/m2tinformatique.com\/index.php?rest_route=\/wp\/v2\/pages\/3611\/revisions\/3615"}],"wp:attachment":[{"href":"https:\/\/m2tinformatique.com\/index.php?rest_route=%2Fwp%2Fv2%2Fmedia&parent=3611"}],"curies":[{"name":"wp","href":"https:\/\/api.w.org\/{rel}","templated":true}]}}